{"id":1798,"date":"2017-02-20T18:07:03","date_gmt":"2017-02-20T17:07:03","guid":{"rendered":"http:\/\/www.marion-kittel.de\/?page_id=1798\/"},"modified":"2017-02-20T18:07:03","modified_gmt":"2017-02-20T17:07:03","slug":"about-me","status":"publish","type":"page","link":"https:\/\/www.marion-kittel.de\/en\/about-me\/","title":{"rendered":"About me"},"content":{"rendered":"<p>[vc_row font_color=&#8221;#ffffff&#8221; koko=&#8221;600&#8243; p_bg_image=&#8221;207&#8243; css=&#8221;.vc_custom_1486050882800{margin-bottom: 60px !important;background-color: #e9d5d5 !important;}&#8221;][vc_column][vc_separator bottom=&#8221;55&#8243; top=&#8221;20&#8243;][vc_single_image image=&#8221;1639&#8243; img_size=&#8221;medium&#8221; alignment=&#8221;center&#8221; style=&#8221;vc_box_border_circle_2&#8243; css_animation=&#8221;appear&#8221;][vc_column_text css_animation=&#8221;top-to-bottom&#8221;]<\/p>\n<h3 style=\"text-align: center;\">Professionell in allen Bereichen der modernen Modeproduktion<\/h3>\n<h3 style=\"text-align: center;\">Von Trend- \u00fcber Marken- &amp; Konzeptentwicklung bis zur Produktion\u00a0inklusive Planung und Preisverhandlung\uf0a7<\/h3>\n<h3 style=\"text-align: center;\">Entwicklung und Design eines eigenen Labels \u2013 Markenaufbau<\/h3>\n<p>[\/vc_column_text][\/vc_column][\/vc_row][vc_row font_color=&#8221;#ffffff&#8221; koko=&#8221;600&#8243; p_bg_image=&#8221;207&#8243; css=&#8221;.vc_custom_1484155443843{background-color: #5f5f5f !important;}&#8221; el_class=&#8221;white padding-top-l padding-bottom-l margin-top-l margin-bottom-l cv&#8221;][vc_column][vc_custom_heading text=&#8221;Arbeitserfahrungen&#8221; font_container=&#8221;tag:h2|font_size:30|text_align:center&#8221; use_theme_fonts=&#8221;yes&#8221;][vc_column_text]<\/p>\n<h5>11\/2009\u2013 heute<\/h5>\n<h3>Unternehmensgruppe Umlauf &amp; Klein, Berlin<\/h3>\n<h4>Produktmanagerin Design<\/h4>\n<ul>\n<li>Entwicklung und Etablierung der neuen Eigenmarke 7Seasons mit Start April 2012<\/li>\n<li>Termin- und budgetgerechte Kollektionserstellung<\/li>\n<li>Kostensenkung und Effizienzsteigerung durch computergest\u00fctztes Erstellen von\u00a0Farbkarten<\/li>\n<\/ul>\n<p>[\/vc_column_text][vc_tta_accordion style=&#8221;flat&#8221; color=&#8221;black&#8221; active_section=&#8221;0&#8243; collapsible_all=&#8221;true&#8221; no_fill=&#8221;true&#8221;][vc_tta_section title=&#8221;ausf\u00fchrliche Arbeitsaufgaben&#8221; tab_id=&#8221;1481204238285-37b0180d-b836&#8243;][vc_column_text]<\/p>\n<ul>\n<li>Recherche von Trends auf Mode- und Stoffmessen im In- und Ausland, Marktbeobachtung von Trendleadern und Mitbewerbern<\/li>\n<li>Konzeptionierung der Outdoor-Gruppen unter Ber\u00fccksichtigung des zielgruppengerechten Preisaufbaus sowie damit verbundene Einteilung der Produktionsst\u00e4tten f\u00fcr Musterung und Vollankauf in Asien und Europa<\/li>\n<li>Ausarbeitung von Kollektionsrahmenpl\u00e4nen, Erstellen von Mood-boards<\/li>\n<li>Umsetzung des Kollektionskonzeptes nach Warengruppen, preisgerechter Entwurf der\u00a0Modelle auf Basis von Markt- und Verkaufsanalysen<\/li>\n<li>Vorgabe von Schnitt und Ma\u00dfen f\u00fcr die Prototypen<\/li>\n<li>Bewertung und Freigabe der Modelle unter stilistischen und passformrelevanten Kriterien<\/li>\n<li>Betreuung und Beratung der Photoshootings, Auswahl von Keyoutfits f\u00fcr Imagekataloge\u00a0und Lookbooks<\/li>\n<li>Produktmanagement f\u00fcr die Private Label Kollektion, Kundenbetreuung und Umsetzung\u00a0kundenspezifischer Anforderungen<\/li>\n<li>Designen der Concept K Kollektion<\/li>\n<\/ul>\n<p>[\/vc_column_text][\/vc_tta_section][\/vc_tta_accordion][vc_column_text]<\/p>\n<h5>11\/2009\u201310\/2010<\/h5>\n<h3>Leiterin Beschaffung Peking\/China &amp; Berlin<\/h3>\n<ul>\n<li>Termin- und budgetgerechte Produktion<\/li>\n<li>\uf0a7 Senkung der Produktionskosten<\/li>\n<li>\uf0a7 Gewinnung von Neukunden und Lieferanten<\/li>\n<\/ul>\n<p>[\/vc_column_text][vc_tta_accordion style=&#8221;flat&#8221; color=&#8221;black&#8221; active_section=&#8221;0&#8243; collapsible_all=&#8221;true&#8221; no_fill=&#8221;true&#8221;][vc_tta_section title=&#8221;ausf\u00fchrliche Arbeitsaufgaben&#8221; tab_id=&#8221;1481205206746-2971e399-704f&#8221;][vc_column_text]<\/p>\n<ul>\n<li>Identifizierung neuer Hersteller f\u00fcr Vollkauf und Produktion im In- und Ausland in Bezug auf Preis, Qualit\u00e4t, Herstellungsstandard<\/li>\n<li>Gew\u00e4hrleistung vor- und selbstgegebener Normen<\/li>\n<li>Preisverhandlungen<\/li>\n<li>Lieferterminorientierte und -optimierte Planung der Musterung sowie der Produktion<\/li>\n<li>Kalkulation der Selbstkosten<\/li>\n<li>Festlegung der UVP in Abstimmung mit dem Vertrieb, um eine belastbare Kalkulation\u00a0(Deckungsbeitragsrechnung) zu erhalten<\/li>\n<li>Platzierung der Order und Sicherstellung der Liefertermine<\/li>\n<li>Verhandlung mit Dienstleistern (Speditionen, Aufbereitern etc.)<\/li>\n<li>Verantwortung der Qualit\u00e4tssicherung<\/li>\n<\/ul>\n<p>[\/vc_column_text][\/vc_tta_section][\/vc_tta_accordion][vc_column_text]<\/p>\n<h5>01\/1996\u201310\/2009<\/h5>\n<h3>TrendSetters Fashion, Bangkok \/ Thailand<\/h3>\n<h4>Produktmanagerin Design \/ Leiterin Schnittabteilung &amp; Musterzimmer, Thailand\/Vietnam (Expatriate)<\/h4>\n<ul>\n<li>Gewinnung von Neukunden<\/li>\n<li>Kostenoptimierung<\/li>\n<li>Modernisierung durch Einf\u00fchrung computergest\u00fctzter Designarbeit<\/li>\n<\/ul>\n<p>[\/vc_column_text][vc_tta_accordion style=&#8221;flat&#8221; color=&#8221;black&#8221; active_section=&#8221;0&#8243; collapsible_all=&#8221;true&#8221; no_fill=&#8221;true&#8221;][vc_tta_section title=&#8221;ausf\u00fchrliche Arbeitsaufgaben&#8221; tab_id=&#8221;1481205370537-c83a079f-fde1&#8243;][vc_column_text]<\/p>\n<ul>\n<li>Teamleitung der Musterung (Zeit, Inhalte, Qualit\u00e4t, Budget)<\/li>\n<li>Entwickelung von Outdoor-Kollektionen f\u00fcr Industriekunden in enger Zusammenarbeit mit\u00a0Design, Vertrieb, Einkauf und Produktmanagement (kreativer Support)<\/li>\n<li>Aufbau der Schnittabteilung in Thailand und Vietnam<br \/>\n\uf0a7 \u00a0Musterung vor Ort in Indien, Indonesien, Korea, China, Hongkong<\/li>\n<li>Ausbildung von Design-Assistentinnen und Schnittmachern f\u00fcr die jeweiligen\u00a0Musterzimmer<\/li>\n<li>Recherche von Trends auf Mode- und Stoffmessen in Europa, USA, China und Korea,\u00a0Marktbeobachtung von Trendleadern und Mitbewerbern<\/li>\n<\/ul>\n<p>[\/vc_column_text][\/vc_tta_section][\/vc_tta_accordion][vc_column_text]<\/p>\n<h5>07\/1991\u201312\/1995<\/h5>\n<h3>Unternehmensgruppe Umlauf &amp; Klein, Berlin<\/h3>\n<h4>Leiterin Schnittabteilung, Hongkong<\/h4>\n<ul>\n<li>Aufbau der Schnittabteilung in Zusammenarbeit mit chinesischen Partnern f\u00fcr die Musterung<\/li>\n<li>Training und Ausbildung von Schnittmachern im Bereich Gradierung und Controlling (Know-how Transfer)<\/li>\n<\/ul>\n<p>[\/vc_column_text][vc_tta_accordion style=&#8221;flat&#8221; color=&#8221;black&#8221; active_section=&#8221;0&#8243; collapsible_all=&#8221;true&#8221; no_fill=&#8221;true&#8221;][vc_tta_section title=&#8221;ausf\u00fchrliche Arbeitsaufgaben&#8221; tab_id=&#8221;1481205479190-1d12cc0f-0148&#8243;][vc_column_text]<\/p>\n<ul>\n<li>Aufbau der Schnittabteilung in Zusammenarbeit mit chinesischen Partnern f\u00fcr die Musterung<\/li>\n<li>Training und Ausbildung von Schnittmachern im Bereich Gradierung und Controlling (Know-how Transfer)<\/li>\n<\/ul>\n<p>[\/vc_column_text][\/vc_tta_section][\/vc_tta_accordion][vc_column_text]<\/p>\n<h5>08\/1992\u201302\/1994<\/h5>\n<h3>Leiterin Produktion, Polen<\/h3>\n<ul>\n<li>Sicherstellung der Qualit\u00e4t und der termingerechten Auslieferung der Produktion in Zusammenarbeit mit der Planungsabteilung in Berlin und Agenturen vor Ort<\/li>\n<\/ul>\n<p>[\/vc_column_text][vc_column_text]<\/p>\n<h5>07\/1986\u201306\/1991<\/h5>\n<h3>Mode International Gebhardt &amp; Co., Berlin<\/h3>\n<h4>Designer &#8211; Schnittmacher &#8211; Qualit\u00e4tssicherer<\/h4>\n<ul>\n<li>Betreuung der Produkte vom Entwurf \u00fcber Gradierung und Musterung bis zur Auslieferung<\/li>\n<li>Recherche von Trends auf Mode- und Stoffmessen in Paris und Berlin<\/li>\n<li>Betreuung der Produktion in Italien, Polen und Rum\u00e4nien<\/li>\n<\/ul>\n<p>[\/vc_column_text][\/vc_column][\/vc_row][vc_row css=&#8221;.vc_custom_1481124596547{padding-top: 15px !important;padding-bottom: 15px !important;}&#8221;][vc_column][vc_text_separator title=&#8221;Kontaktieren Sie mich&#8221; css=&#8221;.vc_custom_1481125311203{margin-top: 60px !important;}&#8221; el_class=&#8221;big&#8221;]\n<div class=\"wpcf7 no-js\" id=\"wpcf7-f5-o1\" lang=\"de-DE\" dir=\"ltr\">\n<div class=\"screen-reader-response\"><p role=\"status\" aria-live=\"polite\" aria-atomic=\"true\"><\/p> <ul><\/ul><\/div>\n<form action=\"\/en\/wp-json\/wp\/v2\/pages\/1798#wpcf7-f5-o1\" method=\"post\" class=\"wpcf7-form init\" aria-label=\"Kontaktformular\" novalidate=\"novalidate\" data-status=\"init\">\n<div style=\"display: none;\">\n<input type=\"hidden\" name=\"_wpcf7\" value=\"5\" \/>\n<input type=\"hidden\" name=\"_wpcf7_version\" value=\"5.9.8\" \/>\n<input type=\"hidden\" name=\"_wpcf7_locale\" value=\"de_DE\" \/>\n<input type=\"hidden\" name=\"_wpcf7_unit_tag\" value=\"wpcf7-f5-o1\" \/>\n<input type=\"hidden\" name=\"_wpcf7_container_post\" value=\"0\" \/>\n<input type=\"hidden\" name=\"_wpcf7_posted_data_hash\" value=\"\" \/>\n<\/div>\n<p>Ihr Name (Pflichtfeld)\n<\/p>\n<p><span class=\"wpcf7-form-control-wrap\" data-name=\"your-name\"><input size=\"40\" maxlength=\"400\" class=\"wpcf7-form-control wpcf7-text wpcf7-validates-as-required\" aria-required=\"true\" aria-invalid=\"false\" value=\"\" type=\"text\" name=\"your-name\" \/><\/span>\n<\/p>\n<p>Ihre E-Mailadresse (Pflichtfeld)\n<\/p>\n<p><span class=\"wpcf7-form-control-wrap\" data-name=\"your-email\"><input size=\"40\" maxlength=\"400\" class=\"wpcf7-form-control wpcf7-email wpcf7-validates-as-required wpcf7-text wpcf7-validates-as-email\" aria-required=\"true\" aria-invalid=\"false\" value=\"\" type=\"email\" name=\"your-email\" \/><\/span>\n<\/p>\n<p>Betreff (Pflichtfeld)\n<\/p>\n<p><span class=\"wpcf7-form-control-wrap\" data-name=\"your-subject\"><input size=\"40\" maxlength=\"400\" class=\"wpcf7-form-control wpcf7-text wpcf7-validates-as-required\" aria-required=\"true\" aria-invalid=\"false\" value=\"\" type=\"text\" name=\"your-subject\" \/><\/span>\n<\/p>\n<p>Ihre Nachricht (Pflichtfeld)\n<\/p>\n<p><span class=\"wpcf7-form-control-wrap\" data-name=\"your-message\"><textarea cols=\"40\" rows=\"10\" maxlength=\"2000\" class=\"wpcf7-form-control wpcf7-textarea wpcf7-validates-as-required\" aria-required=\"true\" aria-invalid=\"false\" name=\"your-message\"><\/textarea><\/span>\n<\/p>\n<p>\n<span class=\"wpcf7-form-control-wrap recaptcha\" data-name=\"recaptcha\"><span class=\"wpcf7-form-control wpcf7-recaptcha g-recaptcha\"><\/span><\/span>\n<\/p>\n<p><input class=\"wpcf7-form-control wpcf7-submit has-spinner\" type=\"submit\" value=\"Senden\" \/>\n<\/p><p style=\"display: none !important;\" class=\"akismet-fields-container\" data-prefix=\"_wpcf7_ak_\"><label>&#916;<textarea name=\"_wpcf7_ak_hp_textarea\" cols=\"45\" rows=\"8\" maxlength=\"100\"><\/textarea><\/label><input type=\"hidden\" id=\"ak_js_1\" name=\"_wpcf7_ak_js\" value=\"176\"\/><script type=\"text\/javascript\">\ndocument.getElementById( \"ak_js_1\" ).setAttribute( \"value\", ( new Date() ).getTime() );\n<\/script>\n<\/p><div class=\"wpcf7-response-output\" aria-hidden=\"true\"><\/div>\n<\/form>\n<\/div>\n[\/vc_column][\/vc_row]<\/p>\n","protected":false},"excerpt":{"rendered":"<p>[vc_row font_color=&#8221;#ffffff&#8221; koko=&#8221;600&#8243; p_bg_image=&#8221;207&#8243; css=&#8221;.vc_custom_1486050882800{margin-bottom: 60px !important;background-color: #e9d5d5 !important;}&#8221;][vc_column][vc_separator bottom=&#8221;55&#8243; top=&#8221;20&#8243;][vc_single_image image=&#8221;1639&#8243; img_size=&#8221;medium&#8221; alignment=&#8221;center&#8221; style=&#8221;vc_box_border_circle_2&#8243; css_animation=&#8221;appear&#8221;][vc_column_text css_animation=&#8221;top-to-bottom&#8221;] Professionell in allen Bereichen der modernen Modeproduktion Von Trend- \u00fcber Marken- &amp; Konzeptentwicklung bis zur Produktion\u00a0inklusive Planung und Preisverhandlung\uf0a7 Entwicklung und Design eines eigenen Labels \u2013 Markenaufbau [\/vc_column_text][\/vc_column][\/vc_row][vc_row font_color=&#8221;#ffffff&#8221; koko=&#8221;600&#8243; p_bg_image=&#8221;207&#8243; css=&#8221;.vc_custom_1484155443843{background-color: #5f5f5f !important;}&#8221; el_class=&#8221;white padding-top-l padding-bottom-l margin-top-l margin-bottom-l cv&#8221;][vc_column][vc_custom_heading text=&#8221;Arbeitserfahrungen&#8221; font_container=&#8221;tag:h2|font_size:30|text_align:center&#8221; use_theme_fonts=&#8221;yes&#8221;][vc_column_text] 11\/2009\u2013 heute Unternehmensgruppe Umlauf &amp; Klein, Berlin Produktmanagerin Design Entwicklung und Etablierung der neuen Eigenmarke 7Seasons mit Start April 2012 Termin- und budgetgerechte Kollektionserstellung Kostensenkung und Effizienzsteigerung durch computergest\u00fctztes Erstellen von\u00a0Farbkarten [\/vc_column_text][vc_tta_accordion style=&#8221;flat&#8221; color=&#8221;black&#8221; active_section=&#8221;0&#8243; collapsible_all=&#8221;true&#8221; no_fill=&#8221;true&#8221;][vc_tta_section title=&#8221;ausf\u00fchrliche Arbeitsaufgaben&#8221; tab_id=&#8221;1481204238285-37b0180d-b836&#8243;][vc_column_text] &hellip; <a href=\"https:\/\/www.marion-kittel.de\/en\/about-me\/\">Continued<\/a><\/p>\n","protected":false},"author":1,"featured_media":0,"parent":0,"menu_order":0,"comment_status":"open","ping_status":"open","template":"page-fullwidth.php","meta":{"footnotes":""},"yoast_head":"<!-- This site is optimized with the Yoast SEO plugin v22.6 - https:\/\/yoast.com\/wordpress\/plugins\/seo\/ -->\n<title>About me - Marion Kittel<\/title>\n<meta name=\"robots\" content=\"index, follow, max-snippet:-1, max-image-preview:large, max-video-preview:-1\" \/>\n<link rel=\"canonical\" href=\"https:\/\/www.marion-kittel.de\/en\/about-me\/\" \/>\n<meta property=\"og:locale\" content=\"en_US\" \/>\n<meta property=\"og:type\" content=\"article\" \/>\n<meta property=\"og:title\" content=\"About me - Marion Kittel\" \/>\n<meta property=\"og:description\" content=\"[vc_row font_color=&#8221;#ffffff&#8221; koko=&#8221;600&#8243; p_bg_image=&#8221;207&#8243; css=&#8221;.vc_custom_1486050882800{margin-bottom: 60px !important;background-color: #e9d5d5 !important;}&#8221;][vc_column][vc_separator bottom=&#8221;55&#8243; top=&#8221;20&#8243;][vc_single_image image=&#8221;1639&#8243; img_size=&#8221;medium&#8221; alignment=&#8221;center&#8221; style=&#8221;vc_box_border_circle_2&#8243; css_animation=&#8221;appear&#8221;][vc_column_text css_animation=&#8221;top-to-bottom&#8221;] Professionell in allen Bereichen der modernen Modeproduktion Von Trend- \u00fcber Marken- &amp; Konzeptentwicklung bis zur Produktion\u00a0inklusive Planung und Preisverhandlung\uf0a7 Entwicklung und Design eines eigenen Labels \u2013 Markenaufbau [\/vc_column_text][\/vc_column][\/vc_row][vc_row font_color=&#8221;#ffffff&#8221; koko=&#8221;600&#8243; p_bg_image=&#8221;207&#8243; css=&#8221;.vc_custom_1484155443843{background-color: #5f5f5f !important;}&#8221; el_class=&#8221;white padding-top-l padding-bottom-l margin-top-l margin-bottom-l cv&#8221;][vc_column][vc_custom_heading text=&#8221;Arbeitserfahrungen&#8221; font_container=&#8221;tag:h2|font_size:30|text_align:center&#8221; use_theme_fonts=&#8221;yes&#8221;][vc_column_text] 11\/2009\u2013 heute Unternehmensgruppe Umlauf &amp; Klein, Berlin Produktmanagerin Design Entwicklung und Etablierung der neuen Eigenmarke 7Seasons mit Start April 2012 Termin- und budgetgerechte Kollektionserstellung Kostensenkung und Effizienzsteigerung durch computergest\u00fctztes Erstellen von\u00a0Farbkarten [\/vc_column_text][vc_tta_accordion style=&#8221;flat&#8221; color=&#8221;black&#8221; active_section=&#8221;0&#8243; collapsible_all=&#8221;true&#8221; no_fill=&#8221;true&#8221;][vc_tta_section title=&#8221;ausf\u00fchrliche Arbeitsaufgaben&#8221; tab_id=&#8221;1481204238285-37b0180d-b836&#8243;][vc_column_text] &hellip; Continued\" \/>\n<meta property=\"og:url\" content=\"https:\/\/www.marion-kittel.de\/en\/about-me\/\" \/>\n<meta property=\"og:site_name\" content=\"Marion Kittel\" \/>\n<meta name=\"twitter:card\" content=\"summary_large_image\" \/>\n<meta name=\"twitter:label1\" content=\"Est. reading time\" \/>\n\t<meta name=\"twitter:data1\" content=\"4 minutes\" \/>\n<script type=\"application\/ld+json\" class=\"yoast-schema-graph\">{\"@context\":\"https:\/\/schema.org\",\"@graph\":[{\"@type\":\"WebPage\",\"@id\":\"https:\/\/www.marion-kittel.de\/en\/about-me\/\",\"url\":\"https:\/\/www.marion-kittel.de\/en\/about-me\/\",\"name\":\"About me - Marion Kittel\",\"isPartOf\":{\"@id\":\"https:\/\/www.marion-kittel.de\/#website\"},\"datePublished\":\"2017-02-20T17:07:03+00:00\",\"dateModified\":\"2017-02-20T17:07:03+00:00\",\"breadcrumb\":{\"@id\":\"https:\/\/www.marion-kittel.de\/en\/about-me\/#breadcrumb\"},\"inLanguage\":\"en-US\",\"potentialAction\":[{\"@type\":\"ReadAction\",\"target\":[\"https:\/\/www.marion-kittel.de\/en\/about-me\/\"]}]},{\"@type\":\"BreadcrumbList\",\"@id\":\"https:\/\/www.marion-kittel.de\/en\/about-me\/#breadcrumb\",\"itemListElement\":[{\"@type\":\"ListItem\",\"position\":1,\"name\":\"Home\",\"item\":\"https:\/\/www.marion-kittel.de\/en\/\"},{\"@type\":\"ListItem\",\"position\":2,\"name\":\"About me\"}]},{\"@type\":\"WebSite\",\"@id\":\"https:\/\/www.marion-kittel.de\/#website\",\"url\":\"https:\/\/www.marion-kittel.de\/\",\"name\":\"Marion Kittel\",\"description\":\"\",\"publisher\":{\"@id\":\"https:\/\/www.marion-kittel.de\/#\/schema\/person\/090ca27f013c12e5100135f6b25aeaa6\"},\"potentialAction\":[{\"@type\":\"SearchAction\",\"target\":{\"@type\":\"EntryPoint\",\"urlTemplate\":\"https:\/\/www.marion-kittel.de\/?s={search_term_string}\"},\"query-input\":\"required name=search_term_string\"}],\"inLanguage\":\"en-US\"},{\"@type\":[\"Person\",\"Organization\"],\"@id\":\"https:\/\/www.marion-kittel.de\/#\/schema\/person\/090ca27f013c12e5100135f6b25aeaa6\",\"name\":\"Marion Kittel\",\"image\":{\"@type\":\"ImageObject\",\"inLanguage\":\"en-US\",\"@id\":\"https:\/\/www.marion-kittel.de\/#\/schema\/person\/image\/\",\"url\":\"https:\/\/www.marion-kittel.de\/wp-content\/uploads\/2014\/06\/marion-kittel_portrait.jpg\",\"contentUrl\":\"https:\/\/www.marion-kittel.de\/wp-content\/uploads\/2014\/06\/marion-kittel_portrait.jpg\",\"width\":653,\"height\":458,\"caption\":\"Marion Kittel\"},\"logo\":{\"@id\":\"https:\/\/www.marion-kittel.de\/#\/schema\/person\/image\/\"},\"sameAs\":[\"http:\/\/www.marionkittel.com\",\"https:\/\/www.linkedin.com\/in\/marion-kittel-581725121\/\"]}]}<\/script>\n<!-- \/ Yoast SEO plugin. -->","yoast_head_json":{"title":"About me - Marion Kittel","robots":{"index":"index","follow":"follow","max-snippet":"max-snippet:-1","max-image-preview":"max-image-preview:large","max-video-preview":"max-video-preview:-1"},"canonical":"https:\/\/www.marion-kittel.de\/en\/about-me\/","og_locale":"en_US","og_type":"article","og_title":"About me - Marion Kittel","og_description":"[vc_row font_color=&#8221;#ffffff&#8221; koko=&#8221;600&#8243; p_bg_image=&#8221;207&#8243; css=&#8221;.vc_custom_1486050882800{margin-bottom: 60px !important;background-color: #e9d5d5 !important;}&#8221;][vc_column][vc_separator bottom=&#8221;55&#8243; top=&#8221;20&#8243;][vc_single_image image=&#8221;1639&#8243; img_size=&#8221;medium&#8221; alignment=&#8221;center&#8221; style=&#8221;vc_box_border_circle_2&#8243; css_animation=&#8221;appear&#8221;][vc_column_text css_animation=&#8221;top-to-bottom&#8221;] Professionell in allen Bereichen der modernen Modeproduktion Von Trend- \u00fcber Marken- &amp; Konzeptentwicklung bis zur Produktion\u00a0inklusive Planung und Preisverhandlung\uf0a7 Entwicklung und Design eines eigenen Labels \u2013 Markenaufbau [\/vc_column_text][\/vc_column][\/vc_row][vc_row font_color=&#8221;#ffffff&#8221; koko=&#8221;600&#8243; p_bg_image=&#8221;207&#8243; css=&#8221;.vc_custom_1484155443843{background-color: #5f5f5f !important;}&#8221; el_class=&#8221;white padding-top-l padding-bottom-l margin-top-l margin-bottom-l cv&#8221;][vc_column][vc_custom_heading text=&#8221;Arbeitserfahrungen&#8221; font_container=&#8221;tag:h2|font_size:30|text_align:center&#8221; use_theme_fonts=&#8221;yes&#8221;][vc_column_text] 11\/2009\u2013 heute Unternehmensgruppe Umlauf &amp; Klein, Berlin Produktmanagerin Design Entwicklung und Etablierung der neuen Eigenmarke 7Seasons mit Start April 2012 Termin- und budgetgerechte Kollektionserstellung Kostensenkung und Effizienzsteigerung durch computergest\u00fctztes Erstellen von\u00a0Farbkarten [\/vc_column_text][vc_tta_accordion style=&#8221;flat&#8221; color=&#8221;black&#8221; active_section=&#8221;0&#8243; collapsible_all=&#8221;true&#8221; no_fill=&#8221;true&#8221;][vc_tta_section title=&#8221;ausf\u00fchrliche Arbeitsaufgaben&#8221; tab_id=&#8221;1481204238285-37b0180d-b836&#8243;][vc_column_text] &hellip; Continued","og_url":"https:\/\/www.marion-kittel.de\/en\/about-me\/","og_site_name":"Marion Kittel","twitter_card":"summary_large_image","twitter_misc":{"Est. reading time":"4 minutes"},"schema":{"@context":"https:\/\/schema.org","@graph":[{"@type":"WebPage","@id":"https:\/\/www.marion-kittel.de\/en\/about-me\/","url":"https:\/\/www.marion-kittel.de\/en\/about-me\/","name":"About me - Marion Kittel","isPartOf":{"@id":"https:\/\/www.marion-kittel.de\/#website"},"datePublished":"2017-02-20T17:07:03+00:00","dateModified":"2017-02-20T17:07:03+00:00","breadcrumb":{"@id":"https:\/\/www.marion-kittel.de\/en\/about-me\/#breadcrumb"},"inLanguage":"en-US","potentialAction":[{"@type":"ReadAction","target":["https:\/\/www.marion-kittel.de\/en\/about-me\/"]}]},{"@type":"BreadcrumbList","@id":"https:\/\/www.marion-kittel.de\/en\/about-me\/#breadcrumb","itemListElement":[{"@type":"ListItem","position":1,"name":"Home","item":"https:\/\/www.marion-kittel.de\/en\/"},{"@type":"ListItem","position":2,"name":"About me"}]},{"@type":"WebSite","@id":"https:\/\/www.marion-kittel.de\/#website","url":"https:\/\/www.marion-kittel.de\/","name":"Marion Kittel","description":"","publisher":{"@id":"https:\/\/www.marion-kittel.de\/#\/schema\/person\/090ca27f013c12e5100135f6b25aeaa6"},"potentialAction":[{"@type":"SearchAction","target":{"@type":"EntryPoint","urlTemplate":"https:\/\/www.marion-kittel.de\/?s={search_term_string}"},"query-input":"required name=search_term_string"}],"inLanguage":"en-US"},{"@type":["Person","Organization"],"@id":"https:\/\/www.marion-kittel.de\/#\/schema\/person\/090ca27f013c12e5100135f6b25aeaa6","name":"Marion Kittel","image":{"@type":"ImageObject","inLanguage":"en-US","@id":"https:\/\/www.marion-kittel.de\/#\/schema\/person\/image\/","url":"https:\/\/www.marion-kittel.de\/wp-content\/uploads\/2014\/06\/marion-kittel_portrait.jpg","contentUrl":"https:\/\/www.marion-kittel.de\/wp-content\/uploads\/2014\/06\/marion-kittel_portrait.jpg","width":653,"height":458,"caption":"Marion Kittel"},"logo":{"@id":"https:\/\/www.marion-kittel.de\/#\/schema\/person\/image\/"},"sameAs":["http:\/\/www.marionkittel.com","https:\/\/www.linkedin.com\/in\/marion-kittel-581725121\/"]}]}},"_links":{"self":[{"href":"https:\/\/www.marion-kittel.de\/en\/wp-json\/wp\/v2\/pages\/1798"}],"collection":[{"href":"https:\/\/www.marion-kittel.de\/en\/wp-json\/wp\/v2\/pages"}],"about":[{"href":"https:\/\/www.marion-kittel.de\/en\/wp-json\/wp\/v2\/types\/page"}],"author":[{"embeddable":true,"href":"https:\/\/www.marion-kittel.de\/en\/wp-json\/wp\/v2\/users\/1"}],"replies":[{"embeddable":true,"href":"https:\/\/www.marion-kittel.de\/en\/wp-json\/wp\/v2\/comments?post=1798"}],"version-history":[{"count":1,"href":"https:\/\/www.marion-kittel.de\/en\/wp-json\/wp\/v2\/pages\/1798\/revisions"}],"predecessor-version":[{"id":1799,"href":"https:\/\/www.marion-kittel.de\/en\/wp-json\/wp\/v2\/pages\/1798\/revisions\/1799"}],"wp:attachment":[{"href":"https:\/\/www.marion-kittel.de\/en\/wp-json\/wp\/v2\/media?parent=1798"}],"curies":[{"name":"wp","href":"https:\/\/api.w.org\/{rel}","templated":true}]}}